{"id":574,"date":"2025-08-20T17:59:08","date_gmt":"2025-08-20T15:59:08","guid":{"rendered":"https:\/\/www.psihoterapija-autonomija.com\/einzeltherapie\/"},"modified":"2025-09-01T13:11:05","modified_gmt":"2025-09-01T11:11:05","slug":"einzeltherapie","status":"publish","type":"page","link":"https:\/\/www.psihoterapija-autonomija.com\/de\/einzeltherapie\/","title":{"rendered":"Einzeltherapie"},"content":{"rendered":"<p>[et_pb_section fb_built=&#8220;1&#8243; admin_label=&#8220;Header&#8220; _builder_version=&#8220;4.27.4&#8243; _module_preset=&#8220;default&#8220; background_enable_color=&#8220;off&#8220; background_image=&#8220;https:\/\/www.psihoterapija-autonomija.com\/wp-content\/uploads\/2025\/08\/2-3.jpg&#8220; background_position=&#8220;top_center&#8220; custom_padding=&#8220;||0vw||false|false&#8220; collapsed=&#8220;off&#8220; global_colors_info=&#8220;{}&#8220;][et_pb_row _builder_version=&#8220;4.27.4&#8243; _module_preset=&#8220;default&#8220; background_enable_image=&#8220;off&#8220; custom_padding=&#8220;100px||||false|false&#8220; global_colors_info=&#8220;{}&#8220;][et_pb_column type=&#8220;4_4&#8243; _builder_version=&#8220;4.17.3&#8243; _module_preset=&#8220;default&#8220; global_colors_info=&#8220;{}&#8220;][et_pb_text _builder_version=&#8220;4.27.4&#8243; _module_preset=&#8220;c16985e1-e0d6-4022-964d-e2bfc04fa633&#8243; header_font=&#8220;|700|||||||&#8220; header_text_color=&#8220;#333031&#8243; header_font_size=&#8220;60px&#8220; header_line_height=&#8220;1.1em&#8220; text_orientation=&#8220;center&#8220; width_tablet=&#8220;&#8220; width_phone=&#8220;&#8220; width_last_edited=&#8220;on|desktop&#8220; module_alignment=&#8220;center&#8220; custom_margin=&#8220;||||false|false&#8220; custom_padding=&#8220;50px||||false|false&#8220; header_font_size_tablet=&#8220;40px&#8220; header_font_size_phone=&#8220;24px&#8220; header_font_size_last_edited=&#8220;on|desktop&#8220; locked=&#8220;off&#8220; global_colors_info=&#8220;{}&#8220;]<\/p>\n<h1><strong>Einzeltherapie<\/strong><\/h1>\n<p>[\/et_pb_text][et_pb_button button_url=&#8220;https:\/\/www.psihoterapija-autonomija.com\/de\/kontakt\/&#8220; button_text=&#8220;Vereinbaren Sie einen Termin&#8220; button_alignment=&#8220;center&#8220; _builder_version=&#8220;4.27.4&#8243; _module_preset=&#8220;f489fdc3-bf1e-40c7-852b-c42851d4acb9&#8243; custom_button=&#8220;on&#8220; button_text_size=&#8220;14px&#8220; button_text_color=&#8220;#FFFFFF&#8220; button_bg_color=&#8220;#D38594&#8243; button_border_width=&#8220;0px&#8220; button_border_radius=&#8220;50px&#8220; button_font=&#8220;Inter|600|||||||&#8220; custom_padding=&#8220;20px|40px|20px|40px|true|true&#8220; global_colors_info=&#8220;{}&#8220;][\/et_pb_button][\/et_pb_column][\/et_pb_row][et_pb_row _builder_version=&#8220;4.17.3&#8243; _module_preset=&#8220;default&#8220; width=&#8220;100%&#8220; max_width=&#8220;none&#8220; custom_padding=&#8220;||0px|||&#8220; global_colors_info=&#8220;{}&#8220;][et_pb_column type=&#8220;4_4&#8243; _builder_version=&#8220;4.17.3&#8243; _module_preset=&#8220;default&#8220; global_colors_info=&#8220;{}&#8220;][et_pb_image src=&#8220;https:\/\/www.psihoterapija-autonomija.com\/wp-content\/uploads\/2025\/08\/therapy-14-scaled.png&#8220; title_text=&#8220;therapy-14&#8243; _builder_version=&#8220;4.27.4&#8243; _module_preset=&#8220;default&#8220; global_colors_info=&#8220;{}&#8220;][\/et_pb_image][\/et_pb_column][\/et_pb_row][\/et_pb_section][et_pb_section fb_built=&#8220;1&#8243; admin_label=&#8220;Feature&#8220; _builder_version=&#8220;4.17.3&#8243; _module_preset=&#8220;default&#8220; custom_margin=&#8220;||||false|false&#8220; custom_padding=&#8220;||2px||false|false&#8220; collapsed=&#8220;on&#8220; global_colors_info=&#8220;{}&#8220;][et_pb_row column_structure=&#8220;2_3,1_3&#8243; _builder_version=&#8220;4.17.3&#8243; _module_preset=&#8220;default&#8220; global_colors_info=&#8220;{}&#8220;][et_pb_column type=&#8220;2_3&#8243; _builder_version=&#8220;4.17.3&#8243; _module_preset=&#8220;default&#8220; custom_padding_tablet=&#8220;||30px||false|false&#8220; custom_padding_phone=&#8220;||30px||false|false&#8220; custom_padding_last_edited=&#8220;on|tablet&#8220; global_colors_info=&#8220;{}&#8220;][et_pb_text _builder_version=&#8220;4.27.4&#8243; _module_preset=&#8220;b327cbe4-b1d5-4b66-ad37-40c8f2f061ba&#8220; header_2_text_color=&#8220;#D38594&#8243; header_2_font_size=&#8220;40px&#8220; header_2_line_height=&#8220;1.2em&#8220; custom_margin=&#8220;||0px||false|false&#8220; header_2_font_size_tablet=&#8220;32px&#8220; header_2_font_size_phone=&#8220;26px&#8220; header_2_font_size_last_edited=&#8220;on|tablet&#8220; global_colors_info=&#8220;{}&#8220;]<\/p>\n<h2><strong>Zeit und Ort f\u00fcr Sie <\/strong><\/h2>\n<p>[\/et_pb_text][et_pb_text _builder_version=&#8220;4.27.4&#8243; _module_preset=&#8220;1f09816e-184e-4ce5-a4cf-b39c52c423ca&#8220; text_text_color=&#8220;#333031&#8243; text_font_size=&#8220;18px&#8220; text_line_height=&#8220;1.8em&#8220; text_font_size_tablet=&#8220;16px&#8220; text_font_size_phone=&#8220;14px&#8220; text_font_size_last_edited=&#8220;on|tablet&#8220; header_font_size_tablet=&#8220;55px&#8220; header_font_size_last_edited=&#8220;off|desktop&#8220; global_colors_info=&#8220;{}&#8220;]<\/p>\n<p><strong>Individuelle Psychotherapie<\/strong> ist ein <strong>sicherer und unterst\u00fctzender Prozess<\/strong>, in dem Sie sich auf sich selbst, Ihre Gef\u00fchle, Gedanken und inneren Bed\u00fcrfnisse konzentrieren k\u00f6nnen<strong>. Durch regelm\u00e4\u00dfige Einzelgespr\u00e4che mit dem Therapeuten entsteht eine vertrauensvolle und sichere Beziehung<\/strong>, in der Sie in Ihrem eigenen Tempo und auf Ihre Weise erforschen k\u00f6nnen, was Sie besch\u00e4ftigt. <\/p>\n<p>Menschen kommen aus unterschiedlichen Gr\u00fcnden zur Psychotherapie. Manche f\u00fchlen sich<strong> \u00e4ngstlich, angespannt oder \u00fcberw\u00e4ltigt,<\/strong> andere k\u00e4mpfen mit langanhaltender <strong>Traurigkeit, Antriebslosigkeit oder Selbstzweifeln<\/strong>. Wieder andere bemerken, <strong>dass sie sich in Beziehungsmustern wiederholen<\/strong>, die sie ersch\u00f6pfen, oder sie haben das Gef\u00fchl, \u201efestzustecken\u201c und nicht zu wissen, wie es weitergehen soll.  <\/p>\n<p>Vielleicht haben <strong>Sie das Gef\u00fchl,<\/strong> nicht im Einklang mit sich selbst zu<strong> leben, innerlich von Konflikten, \u00c4ngsten, Schuldgef\u00fchlen oder einem geringen Selbstwertgef\u00fchl belastet zu sein<\/strong>. Vielleicht haben Sie<strong> einen Verlust, eine Trennung, Krankheit oder eine gro\u00dfe Lebensver\u00e4nderung erlebt<\/strong> und es f\u00e4llt Ihnen schwer, wieder Gleichgewicht zu finden. <\/p>\n<p>Einzeltherapie ist keine schnelle L\u00f6sung \u2013 sie ist ein<strong> Prozess, in dem Sie nach und nach wachsen, st\u00e4rken und lernen, authentischer zu leben<\/strong>. Durch die therapeutische Beziehung erhalten Sie die M\u00f6glichkeit, sich selbst, Ihre Bed\u00fcrfnisse und die Art und Weise, wie Sie Ihr Leben gestalten m\u00f6chten, besser zu verstehen. <\/p>\n<p><strong>Hier gibt es kein Urteil, keinen Druck und keine \u201efertigen Rezepte\u201c<\/strong> \u2013 nur eine warme, professionelle Begleitung und gemeinsame Arbeit an einer Ver\u00e4nderung, die von innen kommt.<\/p>\n<p>Wenn Sie sp\u00fcren, dass es Zeit ist, sich selbst etwas mehr Aufmerksamkeit zu schenken,<strong> kann individuelle Psychotherapie ein wertvoller Schritt zu mehr innerer Ruhe, Klarheit und pers\u00f6nlicher St\u00e4rke sein.<\/strong><\/p>\n<p>[\/et_pb_text][\/et_pb_column][et_pb_column type=&#8220;1_3&#8243; _builder_version=&#8220;4.17.1&#8243; _module_preset=&#8220;default&#8220; global_colors_info=&#8220;{}&#8220;][et_pb_image src=&#8220;https:\/\/www.psihoterapija-autonomija.com\/wp-content\/uploads\/2025\/08\/individualna-removebg-preview.png&#8220; title_text=&#8220;individualna-removebg-preview&#8220; show_bottom_space=&#8220;off&#8220; align=&#8220;center&#8220; _builder_version=&#8220;4.27.4&#8243; _module_preset=&#8220;default&#8220; z_index=&#8220;1&#8243; width=&#8220;70%&#8220; hover_enabled=&#8220;0&#8243; border_radii=&#8220;off|400px|400px||&#8220; locked=&#8220;off&#8220; global_colors_info=&#8220;{}&#8220; sticky_enabled=&#8220;0&#8243;][\/et_pb_image][et_pb_divider show_divider=&#8220;off&#8220; _builder_version=&#8220;4.27.4&#8243; _module_preset=&#8220;default&#8220; background_color=&#8220;#D38594&#8243; positioning=&#8220;absolute&#8220; position_origin_a=&#8220;bottom_left&#8220; width=&#8220;120px&#8220; width_tablet=&#8220;20vw&#8220; width_phone=&#8220;20vw&#8220; width_last_edited=&#8220;on|tablet&#8220; height=&#8220;120px&#8220; height_tablet=&#8220;20vw&#8220; height_phone=&#8220;20vw&#8220; height_last_edited=&#8220;on|tablet&#8220; custom_margin=&#8220;||-15%||false|false&#8220; custom_margin_tablet=&#8220;||-15%||false|false&#8220; custom_margin_phone=&#8220;||-15%||false|false&#8220; custom_margin_last_edited=&#8220;on|tablet&#8220; border_radii=&#8220;on|200px|200px|200px|200px&#8220; locked=&#8220;off&#8220; global_colors_info=&#8220;{}&#8220;][\/et_pb_divider][\/et_pb_column][\/et_pb_row][\/et_pb_section][et_pb_section fb_built=&#8220;1&#8243; admin_label=&#8220;Call to Action&#8220; _builder_version=&#8220;4.17.3&#8243; _module_preset=&#8220;default&#8220; collapsed=&#8220;on&#8220; global_colors_info=&#8220;{}&#8220;][et_pb_row _builder_version=&#8220;4.27.4&#8243; _module_preset=&#8220;default&#8220; background_color=&#8220;#D38594&#8243; width=&#8220;40%&#8220; width_tablet=&#8220;40%&#8220; width_phone=&#8220;80%&#8220; width_last_edited=&#8220;on|phone&#8220; module_alignment=&#8220;center&#8220; border_radii=&#8220;on|16px|16px|16px|16px&#8220; global_colors_info=&#8220;{}&#8220;][et_pb_column type=&#8220;4_4&#8243; _builder_version=&#8220;4.17.1&#8243; _module_preset=&#8220;default&#8220; global_colors_info=&#8220;{}&#8220;][et_pb_text _builder_version=&#8220;4.27.4&#8243; _module_preset=&#8220;b327cbe4-b1d5-4b66-ad37-40c8f2f061ba&#8220; header_2_text_color=&#8220;#FFFFFF&#8220; header_2_font_size=&#8220;23px&#8220; header_2_line_height=&#8220;1.2em&#8220; text_orientation=&#8220;center&#8220; max_width=&#8220;85%&#8220; module_alignment=&#8220;center&#8220; custom_margin=&#8220;||0px||false|false&#8220; header_2_font_size_tablet=&#8220;32px&#8220; header_2_font_size_phone=&#8220;17px&#8220; header_2_font_size_last_edited=&#8220;on|tablet&#8220; global_colors_info=&#8220;{}&#8220;]<\/p>\n<h2>Die Treffen finden online oder live im Zentrum von Zagreb statt. Die Dauer des Treffens betr\u00e4gt 50 Minuten. Die Psychotherapie ist auf Kroatisch oder Deutsch m\u00f6glich.  <\/h2>\n<p>[\/et_pb_text][et_pb_button button_text=&#8220;Vereinbaren Sie einen Termin&#8220; button_alignment=&#8220;center&#8220; _builder_version=&#8220;4.27.4&#8243; _module_preset=&#8220;31b4f027-aaa0-4f2f-ae02-959764e19e4f&#8220; custom_button=&#8220;on&#8220; button_text_size=&#8220;14px&#8220; button_text_color=&#8220;#FFFFFF&#8220; button_bg_color=&#8220;#333031&#8243; button_border_width=&#8220;0px&#8220; button_border_radius=&#8220;50px&#8220; button_font=&#8220;Inter|600|||||||&#8220; custom_margin=&#8220;10px||||false|false&#8220; custom_padding=&#8220;10px|40px|10px|40px|true|true&#8220; global_colors_info=&#8220;{}&#8220;][\/et_pb_button][\/et_pb_column][\/et_pb_row][\/et_pb_section]<\/p>\n","protected":false},"excerpt":{"rendered":"<p>EinzeltherapieZeit und Ort f\u00fcr Sie Individuelle Psychotherapie ist ein sicherer und unterst\u00fctzender Prozess, in dem Sie sich auf sich selbst, Ihre Gef\u00fchle, Gedanken und inneren Bed\u00fcrfnisse konzentrieren k\u00f6nnen. Durch regelm\u00e4\u00dfige Einzelgespr\u00e4che mit dem Therapeuten entsteht eine vertrauensvolle und sichere Beziehung, in der Sie in Ihrem eigenen Tempo und auf Ihre Weise erforschen k\u00f6nnen, was Sie [&hellip;]<\/p>\n","protected":false},"author":1,"featured_media":0,"parent":0,"menu_order":0,"comment_status":"closed","ping_status":"closed","template":"","meta":{"_et_pb_use_builder":"on","_et_pb_old_content":"","_et_gb_content_width":"","footnotes":""},"class_list":["post-574","page","type-page","status-publish","hentry"],"yoast_head":"<!-- This site is optimized with the Yoast SEO plugin v25.8 - https:\/\/yoast.com\/wordpress\/plugins\/seo\/ -->\n<title>Einzeltherapie - Psihoterapija-Autonomija<\/title>\n<meta name=\"robots\" content=\"index, follow, max-snippet:-1, max-image-preview:large, max-video-preview:-1\" \/>\n<link rel=\"canonical\" href=\"https:\/\/www.psihoterapija-autonomija.com\/de\/einzeltherapie\/\" \/>\n<meta property=\"og:locale\" content=\"de_DE\" \/>\n<meta property=\"og:type\" content=\"article\" \/>\n<meta property=\"og:title\" content=\"Einzeltherapie - Psihoterapija-Autonomija\" \/>\n<meta property=\"og:description\" content=\"EinzeltherapieZeit und Ort f\u00fcr Sie Individuelle Psychotherapie ist ein sicherer und unterst\u00fctzender Prozess, in dem Sie sich auf sich selbst, Ihre Gef\u00fchle, Gedanken und inneren Bed\u00fcrfnisse konzentrieren k\u00f6nnen. Durch regelm\u00e4\u00dfige Einzelgespr\u00e4che mit dem Therapeuten entsteht eine vertrauensvolle und sichere Beziehung, in der Sie in Ihrem eigenen Tempo und auf Ihre Weise erforschen k\u00f6nnen, was Sie [&hellip;]\" \/>\n<meta property=\"og:url\" content=\"https:\/\/www.psihoterapija-autonomija.com\/de\/einzeltherapie\/\" \/>\n<meta property=\"og:site_name\" content=\"Psihoterapija-Autonomija\" \/>\n<meta property=\"article:modified_time\" content=\"2025-09-01T11:11:05+00:00\" \/>\n<meta name=\"twitter:card\" content=\"summary_large_image\" \/>\n<meta name=\"twitter:label1\" content=\"Gesch\u00e4tzte Lesezeit\" \/>\n\t<meta name=\"twitter:data1\" content=\"6\u00a0Minuten\" \/>\n<script type=\"application\/ld+json\" class=\"yoast-schema-graph\">{\"@context\":\"https:\/\/schema.org\",\"@graph\":[{\"@type\":\"WebPage\",\"@id\":\"https:\/\/www.psihoterapija-autonomija.com\/de\/einzeltherapie\/\",\"url\":\"https:\/\/www.psihoterapija-autonomija.com\/de\/einzeltherapie\/\",\"name\":\"Einzeltherapie - Psihoterapija-Autonomija\",\"isPartOf\":{\"@id\":\"https:\/\/www.psihoterapija-autonomija.com\/#website\"},\"datePublished\":\"2025-08-20T15:59:08+00:00\",\"dateModified\":\"2025-09-01T11:11:05+00:00\",\"breadcrumb\":{\"@id\":\"https:\/\/www.psihoterapija-autonomija.com\/de\/einzeltherapie\/#breadcrumb\"},\"inLanguage\":\"de\",\"potentialAction\":[{\"@type\":\"ReadAction\",\"target\":[\"https:\/\/www.psihoterapija-autonomija.com\/de\/einzeltherapie\/\"]}]},{\"@type\":\"BreadcrumbList\",\"@id\":\"https:\/\/www.psihoterapija-autonomija.com\/de\/einzeltherapie\/#breadcrumb\",\"itemListElement\":[{\"@type\":\"ListItem\",\"position\":1,\"name\":\"Po\u010detna stranica\",\"item\":\"https:\/\/www.psihoterapija-autonomija.com\/de\/startseite\/\"},{\"@type\":\"ListItem\",\"position\":2,\"name\":\"Einzeltherapie\"}]},{\"@type\":\"WebSite\",\"@id\":\"https:\/\/www.psihoterapija-autonomija.com\/#website\",\"url\":\"https:\/\/www.psihoterapija-autonomija.com\/\",\"name\":\"Psihoterapija-Autonomija\",\"description\":\"Stru\u010dna psihoterapijska podr\u0161ka za osobni razvoj, prevladavanje \u017eivotnih izazova i postizanje unutarnje ravnote\u017ee. Psihoterapija-Autonomija poma\u017ee vam razviti zdrav odnos prema sebi i drugima.\",\"potentialAction\":[{\"@type\":\"SearchAction\",\"target\":{\"@type\":\"EntryPoint\",\"urlTemplate\":\"https:\/\/www.psihoterapija-autonomija.com\/?s={search_term_string}\"},\"query-input\":{\"@type\":\"PropertyValueSpecification\",\"valueRequired\":true,\"valueName\":\"search_term_string\"}}],\"inLanguage\":\"de\"}]}<\/script>\n<!-- \/ Yoast SEO plugin. -->","yoast_head_json":{"title":"Einzeltherapie - Psihoterapija-Autonomija","robots":{"index":"index","follow":"follow","max-snippet":"max-snippet:-1","max-image-preview":"max-image-preview:large","max-video-preview":"max-video-preview:-1"},"canonical":"https:\/\/www.psihoterapija-autonomija.com\/de\/einzeltherapie\/","og_locale":"de_DE","og_type":"article","og_title":"Einzeltherapie - Psihoterapija-Autonomija","og_description":"EinzeltherapieZeit und Ort f\u00fcr Sie Individuelle Psychotherapie ist ein sicherer und unterst\u00fctzender Prozess, in dem Sie sich auf sich selbst, Ihre Gef\u00fchle, Gedanken und inneren Bed\u00fcrfnisse konzentrieren k\u00f6nnen. Durch regelm\u00e4\u00dfige Einzelgespr\u00e4che mit dem Therapeuten entsteht eine vertrauensvolle und sichere Beziehung, in der Sie in Ihrem eigenen Tempo und auf Ihre Weise erforschen k\u00f6nnen, was Sie [&hellip;]","og_url":"https:\/\/www.psihoterapija-autonomija.com\/de\/einzeltherapie\/","og_site_name":"Psihoterapija-Autonomija","article_modified_time":"2025-09-01T11:11:05+00:00","twitter_card":"summary_large_image","twitter_misc":{"Gesch\u00e4tzte Lesezeit":"6\u00a0Minuten"},"schema":{"@context":"https:\/\/schema.org","@graph":[{"@type":"WebPage","@id":"https:\/\/www.psihoterapija-autonomija.com\/de\/einzeltherapie\/","url":"https:\/\/www.psihoterapija-autonomija.com\/de\/einzeltherapie\/","name":"Einzeltherapie - Psihoterapija-Autonomija","isPartOf":{"@id":"https:\/\/www.psihoterapija-autonomija.com\/#website"},"datePublished":"2025-08-20T15:59:08+00:00","dateModified":"2025-09-01T11:11:05+00:00","breadcrumb":{"@id":"https:\/\/www.psihoterapija-autonomija.com\/de\/einzeltherapie\/#breadcrumb"},"inLanguage":"de","potentialAction":[{"@type":"ReadAction","target":["https:\/\/www.psihoterapija-autonomija.com\/de\/einzeltherapie\/"]}]},{"@type":"BreadcrumbList","@id":"https:\/\/www.psihoterapija-autonomija.com\/de\/einzeltherapie\/#breadcrumb","itemListElement":[{"@type":"ListItem","position":1,"name":"Po\u010detna stranica","item":"https:\/\/www.psihoterapija-autonomija.com\/de\/startseite\/"},{"@type":"ListItem","position":2,"name":"Einzeltherapie"}]},{"@type":"WebSite","@id":"https:\/\/www.psihoterapija-autonomija.com\/#website","url":"https:\/\/www.psihoterapija-autonomija.com\/","name":"Psihoterapija-Autonomija","description":"Stru\u010dna psihoterapijska podr\u0161ka za osobni razvoj, prevladavanje \u017eivotnih izazova i postizanje unutarnje ravnote\u017ee. Psihoterapija-Autonomija poma\u017ee vam razviti zdrav odnos prema sebi i drugima.","potentialAction":[{"@type":"SearchAction","target":{"@type":"EntryPoint","urlTemplate":"https:\/\/www.psihoterapija-autonomija.com\/?s={search_term_string}"},"query-input":{"@type":"PropertyValueSpecification","valueRequired":true,"valueName":"search_term_string"}}],"inLanguage":"de"}]}},"_links":{"self":[{"href":"https:\/\/www.psihoterapija-autonomija.com\/de\/wp-json\/wp\/v2\/pages\/574","targetHints":{"allow":["GET"]}}],"collection":[{"href":"https:\/\/www.psihoterapija-autonomija.com\/de\/wp-json\/wp\/v2\/pages"}],"about":[{"href":"https:\/\/www.psihoterapija-autonomija.com\/de\/wp-json\/wp\/v2\/types\/page"}],"author":[{"embeddable":true,"href":"https:\/\/www.psihoterapija-autonomija.com\/de\/wp-json\/wp\/v2\/users\/1"}],"replies":[{"embeddable":true,"href":"https:\/\/www.psihoterapija-autonomija.com\/de\/wp-json\/wp\/v2\/comments?post=574"}],"version-history":[{"count":3,"href":"https:\/\/www.psihoterapija-autonomija.com\/de\/wp-json\/wp\/v2\/pages\/574\/revisions"}],"predecessor-version":[{"id":699,"href":"https:\/\/www.psihoterapija-autonomija.com\/de\/wp-json\/wp\/v2\/pages\/574\/revisions\/699"}],"wp:attachment":[{"href":"https:\/\/www.psihoterapija-autonomija.com\/de\/wp-json\/wp\/v2\/media?parent=574"}],"curies":[{"name":"wp","href":"https:\/\/api.w.org\/{rel}","templated":true}]}}