{"id":573,"date":"2025-08-19T22:18:15","date_gmt":"2025-08-19T20:18:15","guid":{"rendered":"https:\/\/www.psihoterapija-autonomija.com\/was-ist-psychotherapie-2\/"},"modified":"2025-09-01T13:10:24","modified_gmt":"2025-09-01T11:10:24","slug":"was-ist-psychotherapie-2","status":"publish","type":"page","link":"https:\/\/www.psihoterapija-autonomija.com\/de\/was-ist-psychotherapie-2\/","title":{"rendered":"Was ist psychotherapie?"},"content":{"rendered":"<p>[et_pb_section fb_built=&#8220;1&#8243; custom_padding_last_edited=&#8220;on|phone&#8220; _builder_version=&#8220;4.27.4&#8243; _module_preset=&#8220;default&#8220; custom_padding=&#8220;12rem||||false|false&#8220; custom_padding_tablet=&#8220;100px||||false|false&#8220; custom_padding_phone=&#8220;30px||||false|false&#8220; hover_enabled=&#8220;0&#8243; global_colors_info=&#8220;{}&#8220; sticky_enabled=&#8220;0&#8243;][et_pb_row _builder_version=&#8220;4.27.4&#8243; _module_preset=&#8220;default&#8220; global_colors_info=&#8220;{}&#8220;][et_pb_column type=&#8220;4_4&#8243; _builder_version=&#8220;4.27.4&#8243; _module_preset=&#8220;default&#8220; global_colors_info=&#8220;{}&#8220;][et_pb_text module_id=&#8220;psihoterapija&#8220; _builder_version=&#8220;4.27.4&#8243; header_2_font_size=&#8220;55px&#8220; header_2_letter_spacing=&#8220;3px&#8220; header_2_line_height=&#8220;1.2em&#8220; max_width=&#8220;800px&#8220; header_2_font_size_tablet=&#8220;38px&#8220; header_2_font_size_phone=&#8220;26px&#8220; header_2_font_size_last_edited=&#8220;on|tablet&#8220; header_2_letter_spacing_tablet=&#8220;1px&#8220; header_2_letter_spacing_phone=&#8220;0px&#8220; header_2_letter_spacing_last_edited=&#8220;on|desktop&#8220; locked=&#8220;off&#8220; global_colors_info=&#8220;{}&#8220;]<\/p>\n<h2>Psychotherapie<\/h2>\n<p>[\/et_pb_text][\/et_pb_column][\/et_pb_row][et_pb_row custom_padding_last_edited=&#8220;on|phone&#8220; _builder_version=&#8220;4.27.4&#8243; background_color=&#8220;#fffbf5&#8243; transform_translate_tablet=&#8220;&#8220; transform_translate_phone=&#8220;&#8220; transform_translate_last_edited=&#8220;on|desktop&#8220; transform_rotate_tablet=&#8220;&#8220; transform_rotate_phone=&#8220;&#8220; transform_rotate_last_edited=&#8220;on|desktop&#8220; transform_skew_tablet=&#8220;&#8220; transform_skew_phone=&#8220;&#8220; transform_skew_last_edited=&#8220;on|desktop&#8220; transform_origin=&#8220;30%|0%&#8220; transform_origin_tablet=&#8220;&#8220; transform_origin_phone=&#8220;&#8220; transform_origin_last_edited=&#8220;on|desktop&#8220; custom_margin=&#8220;||||false|false&#8220; custom_padding=&#8220;40px|60px|40px|40px|true|false&#8220; custom_padding_tablet=&#8220;|||40px|true|false&#8220; custom_padding_phone=&#8220;|20px||20px|true|true&#8220; box_shadow_style=&#8220;preset1&#8243; global_colors_info=&#8220;{}&#8220;][et_pb_column type=&#8220;4_4&#8243; _builder_version=&#8220;4.16&#8243; global_colors_info=&#8220;{}&#8220;][et_pb_divider color=&#8220;#D38594&#8243; divider_weight=&#8220;2px&#8220; _builder_version=&#8220;4.27.4&#8243; width=&#8220;100px&#8220; custom_margin=&#8220;||0px||false|false&#8220; custom_margin_tablet=&#8220;|||0px|false|false&#8220; custom_margin_phone=&#8220;&#8220; custom_margin_last_edited=&#8220;on|desktop&#8220; locked=&#8220;off&#8220; global_colors_info=&#8220;{}&#8220;][\/et_pb_divider][et_pb_text _builder_version=&#8220;4.27.4&#8243; text_font_size=&#8220;15px&#8220; text_line_height=&#8220;1.8em&#8220; max_width=&#8220;800px&#8220; text_font_size_tablet=&#8220;18px&#8220; text_font_size_phone=&#8220;14px&#8220; text_font_size_last_edited=&#8220;on|phone&#8220; text_line_height_tablet=&#8220;&#8220; text_line_height_phone=&#8220;1.6em&#8220; text_line_height_last_edited=&#8220;on|phone&#8220; locked=&#8220;off&#8220; global_colors_info=&#8220;{}&#8220;]<\/p>\n<p>Psychotherapie ist ein fachlich fundierter und wissenschaftlich basierter Ansatz zur Erhaltung und F\u00f6rderung der psychischen Gesundheit. Sie hilft dabei, innere Konflikte zu verstehen, emotionale Reife zu entwickeln und Authentizit\u00e4t sowie Mitgef\u00fchl \u2013 sowohl sich selbst als auch anderen gegen\u00fcber \u2013 zu st\u00e4rken. <\/p>\n<p>In der therapeutischen Beziehung k\u00f6nnen Sie einen Raum erwarten, in dem Sie mit ehrlichem Interesse und Respekt angeh\u00f6rt werden. Der Therapeut wird Ihnen keine fertigen L\u00f6sungen anbieten oder die Rolle eines Richters in Ihren Lebenssituationen \u00fcbernehmen. Stattdessen ist es das Ziel, Sie zu st\u00e4rken, eigenst\u00e4ndig Entscheidungen zu treffen, die im Einklang mit Ihren Werten, W\u00fcnschen und Gef\u00fchlen stehen.  <\/p>\n<p>[\/et_pb_text][et_pb_divider color=&#8220;#D38594&#8243; divider_weight=&#8220;2px&#8220; _builder_version=&#8220;4.27.4&#8243; width=&#8220;100px&#8220; custom_margin=&#8220;||0px||false|false&#8220; custom_margin_tablet=&#8220;|||0px|false|false&#8220; custom_margin_phone=&#8220;&#8220; custom_margin_last_edited=&#8220;on|desktop&#8220; locked=&#8220;off&#8220; global_colors_info=&#8220;{}&#8220;][\/et_pb_divider][\/et_pb_column][\/et_pb_row][\/et_pb_section][et_pb_section fb_built=&#8220;1&#8243; _builder_version=&#8220;4.27.4&#8243; _module_preset=&#8220;default&#8220; background_color=&#8220;#f9f9f9&#8243; custom_padding=&#8220;2px||||false|false&#8220; global_colors_info=&#8220;{}&#8220;][et_pb_row _builder_version=&#8220;4.27.4&#8243; _module_preset=&#8220;default&#8220; global_colors_info=&#8220;{}&#8220;][et_pb_column type=&#8220;4_4&#8243; _builder_version=&#8220;4.27.4&#8243; _module_preset=&#8220;default&#8220; global_colors_info=&#8220;{}&#8220;][et_pb_text module_id=&#8220;autenticnost&#8220; _builder_version=&#8220;4.27.4&#8243; header_2_font_size=&#8220;55px&#8220; header_2_letter_spacing=&#8220;3px&#8220; header_2_line_height=&#8220;1.2em&#8220; max_width=&#8220;800px&#8220; header_2_font_size_tablet=&#8220;38px&#8220; header_2_font_size_phone=&#8220;26px&#8220; header_2_font_size_last_edited=&#8220;on|tablet&#8220; header_2_letter_spacing_tablet=&#8220;1px&#8220; header_2_letter_spacing_phone=&#8220;0px&#8220; header_2_letter_spacing_last_edited=&#8220;on|desktop&#8220; locked=&#8220;off&#8220; global_colors_info=&#8220;{}&#8220;]<\/p>\n<h2><strong>Therapie als Raum f\u00fcr Authentizit\u00e4t<\/strong><\/h2>\n<p>[\/et_pb_text][\/et_pb_column][\/et_pb_row][et_pb_row custom_padding_last_edited=&#8220;on|phone&#8220; _builder_version=&#8220;4.27.4&#8243; background_color=&#8220;#fffbf5&#8243; transform_translate_tablet=&#8220;&#8220; transform_translate_phone=&#8220;&#8220; transform_translate_last_edited=&#8220;on|desktop&#8220; transform_rotate_tablet=&#8220;&#8220; transform_rotate_phone=&#8220;&#8220; transform_rotate_last_edited=&#8220;on|desktop&#8220; transform_skew_tablet=&#8220;&#8220; transform_skew_phone=&#8220;&#8220; transform_skew_last_edited=&#8220;on|desktop&#8220; transform_origin=&#8220;30%|0%&#8220; transform_origin_tablet=&#8220;&#8220; transform_origin_phone=&#8220;&#8220; transform_origin_last_edited=&#8220;on|desktop&#8220; custom_margin=&#8220;||||false|false&#8220; custom_padding=&#8220;40px|60px|40px|40px|true|false&#8220; custom_padding_tablet=&#8220;|||40px|true|false&#8220; custom_padding_phone=&#8220;|20px||20px|true|true&#8220; box_shadow_style=&#8220;preset1&#8243; global_colors_info=&#8220;{}&#8220;][et_pb_column type=&#8220;4_4&#8243; _builder_version=&#8220;4.16&#8243; global_colors_info=&#8220;{}&#8220;][et_pb_divider color=&#8220;#D38594&#8243; divider_weight=&#8220;2px&#8220; _builder_version=&#8220;4.27.4&#8243; width=&#8220;100px&#8220; custom_margin=&#8220;||0px||false|false&#8220; custom_margin_tablet=&#8220;|||0px|false|false&#8220; custom_margin_phone=&#8220;&#8220; custom_margin_last_edited=&#8220;on|desktop&#8220; locked=&#8220;off&#8220; global_colors_info=&#8220;{}&#8220;][\/et_pb_divider][et_pb_text _builder_version=&#8220;4.27.4&#8243; text_font_size=&#8220;15px&#8220; text_line_height=&#8220;1.8em&#8220; max_width=&#8220;800px&#8220; text_font_size_tablet=&#8220;18px&#8220; text_font_size_phone=&#8220;14px&#8220; text_font_size_last_edited=&#8220;on|phone&#8220; text_line_height_tablet=&#8220;&#8220; text_line_height_phone=&#8220;1.6em&#8220; text_line_height_last_edited=&#8220;on|phone&#8220; locked=&#8220;off&#8220; global_colors_info=&#8220;{}&#8220;]<\/p>\n<p>In einer Gesellschaft, die Erfolg oft \u00fcber \u00e4u\u00dfere Merkmale definiert, verlieren wir uns leicht darin, ein Bild von uns selbst zu erschaffen, das den Erwartungen anderer entspricht. Eigene Bed\u00fcrfnisse und Gef\u00fchle bleiben dabei h\u00e4ufig verdr\u00e4ngt. <\/p>\n<p>Psychotherapie bietet einen sicheren Ort, an dem Sie \u00fcber Dinge sprechen k\u00f6nnen, die Sie vielleicht mit niemandem teilen \u2013 \u00fcber \u00c4ngste, Wut, Scham oder Unsicherheiten. In diesem Raum erhalten Sie die M\u00f6glichkeit, eine andere Art von Reaktion zu erleben als die, die Sie gewohnt sind \u2013 eine Reaktion, die nicht verurteilt, sondern annimmt. <\/p>\n<p>Diese neue Erfahrung \u00f6ffnet oft die T\u00fcr zu einem tieferen Selbstverst\u00e4ndnis und ver\u00e4ndert die Art und Weise, wie Sie sich selbst und anderen begegnen.<\/p>\n<p>[\/et_pb_text][et_pb_divider color=&#8220;#D38594&#8243; divider_weight=&#8220;2px&#8220; _builder_version=&#8220;4.27.4&#8243; width=&#8220;100px&#8220; custom_margin=&#8220;||0px||false|false&#8220; custom_margin_tablet=&#8220;|||0px|false|false&#8220; custom_margin_phone=&#8220;&#8220; custom_margin_last_edited=&#8220;on|desktop&#8220; locked=&#8220;off&#8220; global_colors_info=&#8220;{}&#8220;][\/et_pb_divider][\/et_pb_column][\/et_pb_row][\/et_pb_section][et_pb_section fb_built=&#8220;1&#8243; _builder_version=&#8220;4.27.4&#8243; _module_preset=&#8220;default&#8220; custom_padding=&#8220;2px||||false|false&#8220; global_colors_info=&#8220;{}&#8220;][et_pb_row _builder_version=&#8220;4.27.4&#8243; _module_preset=&#8220;default&#8220; global_colors_info=&#8220;{}&#8220;][et_pb_column type=&#8220;4_4&#8243; _builder_version=&#8220;4.27.4&#8243; _module_preset=&#8220;default&#8220; global_colors_info=&#8220;{}&#8220;][et_pb_text module_id=&#8220;podrska&#8220; _builder_version=&#8220;4.27.4&#8243; header_2_font_size=&#8220;55px&#8220; header_2_letter_spacing=&#8220;3px&#8220; header_2_line_height=&#8220;1.2em&#8220; header_2_font_size_tablet=&#8220;38px&#8220; header_2_font_size_phone=&#8220;26px&#8220; header_2_font_size_last_edited=&#8220;on|tablet&#8220; header_2_letter_spacing_tablet=&#8220;1px&#8220; header_2_letter_spacing_phone=&#8220;0px&#8220; header_2_letter_spacing_last_edited=&#8220;on|desktop&#8220; locked=&#8220;off&#8220; global_colors_info=&#8220;{}&#8220;]<\/p>\n<h2><strong>Herausforderung und Unterst\u00fctzung \u2013 gemeinsam<\/strong><\/h2>\n<p>[\/et_pb_text][\/et_pb_column][\/et_pb_row][et_pb_row custom_padding_last_edited=&#8220;on|phone&#8220; _builder_version=&#8220;4.27.4&#8243; background_color=&#8220;#fffbf5&#8243; transform_translate_tablet=&#8220;&#8220; transform_translate_phone=&#8220;&#8220; transform_translate_last_edited=&#8220;on|desktop&#8220; transform_rotate_tablet=&#8220;&#8220; transform_rotate_phone=&#8220;&#8220; transform_rotate_last_edited=&#8220;on|desktop&#8220; transform_skew_tablet=&#8220;&#8220; transform_skew_phone=&#8220;&#8220; transform_skew_last_edited=&#8220;on|desktop&#8220; transform_origin=&#8220;30%|0%&#8220; transform_origin_tablet=&#8220;&#8220; transform_origin_phone=&#8220;&#8220; transform_origin_last_edited=&#8220;on|desktop&#8220; custom_margin=&#8220;||||false|false&#8220; custom_padding=&#8220;40px|60px|40px|40px|true|false&#8220; custom_padding_tablet=&#8220;|||40px|true|false&#8220; custom_padding_phone=&#8220;|20px||20px|true|true&#8220; box_shadow_style=&#8220;preset1&#8243; global_colors_info=&#8220;{}&#8220;][et_pb_column type=&#8220;4_4&#8243; _builder_version=&#8220;4.16&#8243; global_colors_info=&#8220;{}&#8220;][et_pb_divider color=&#8220;#D38594&#8243; divider_weight=&#8220;2px&#8220; _builder_version=&#8220;4.27.4&#8243; width=&#8220;100px&#8220; custom_margin=&#8220;||0px||false|false&#8220; custom_margin_tablet=&#8220;|||0px|false|false&#8220; custom_margin_phone=&#8220;&#8220; custom_margin_last_edited=&#8220;on|desktop&#8220; locked=&#8220;off&#8220; global_colors_info=&#8220;{}&#8220;][\/et_pb_divider][et_pb_text _builder_version=&#8220;4.27.4&#8243; text_font_size=&#8220;15px&#8220; text_line_height=&#8220;1.8em&#8220; max_width=&#8220;800px&#8220; text_font_size_tablet=&#8220;18px&#8220; text_font_size_phone=&#8220;14px&#8220; text_font_size_last_edited=&#8220;on|phone&#8220; text_line_height_tablet=&#8220;&#8220; text_line_height_phone=&#8220;1.6em&#8220; text_line_height_last_edited=&#8220;on|phone&#8220; locked=&#8220;off&#8220; global_colors_info=&#8220;{}&#8220;]<\/p>\n<p>Arbeit an sich selbst bedeutet oft, sich unangenehmen Gef\u00fchlen und Themen zu stellen, die wir gerne vermeiden. Gerade die Dinge, die uns am meisten blockieren oder schmerzen, sind h\u00e4ufig jene, an denen wir am meisten wachsen k\u00f6nnen. <\/p>\n<p>Psychotherapie ist nicht nur ein angenehmes Gespr\u00e4ch \u2013 sie soll sowohl Unterst\u00fctzung als auch Herausforderung sein. Ohne das Stellen und Annehmen eigener Grenzen gibt es keinen echten Fortschritt. Offenheit f\u00fcr unangenehme, aber wichtige Themen ist ein Teil des Prozesses, der zu tieferen Einsichten und Ver\u00e4nderungen f\u00fchrt.  <\/p>\n<p>[\/et_pb_text][et_pb_divider color=&#8220;#D38594&#8243; divider_weight=&#8220;2px&#8220; _builder_version=&#8220;4.27.4&#8243; width=&#8220;100px&#8220; custom_margin=&#8220;||0px||false|false&#8220; custom_margin_tablet=&#8220;|||0px|false|false&#8220; custom_margin_phone=&#8220;&#8220; custom_margin_last_edited=&#8220;on|desktop&#8220; locked=&#8220;off&#8220; global_colors_info=&#8220;{}&#8220;][\/et_pb_divider][\/et_pb_column][\/et_pb_row][\/et_pb_section][et_pb_section fb_built=&#8220;1&#8243; _builder_version=&#8220;4.27.4&#8243; _module_preset=&#8220;default&#8220; background_color=&#8220;#f9f9f9&#8243; custom_padding=&#8220;2px||||false|false&#8220; global_colors_info=&#8220;{}&#8220;][et_pb_row _builder_version=&#8220;4.27.4&#8243; _module_preset=&#8220;default&#8220; global_colors_info=&#8220;{}&#8220;][et_pb_column type=&#8220;4_4&#8243; _builder_version=&#8220;4.27.4&#8243; _module_preset=&#8220;default&#8220; global_colors_info=&#8220;{}&#8220;][et_pb_text module_id=&#8220;proces&#8220; _builder_version=&#8220;4.27.4&#8243; header_2_font_size=&#8220;55px&#8220; header_2_letter_spacing=&#8220;3px&#8220; header_2_line_height=&#8220;1.2em&#8220; header_2_font_size_tablet=&#8220;38px&#8220; header_2_font_size_phone=&#8220;26px&#8220; header_2_font_size_last_edited=&#8220;on|tablet&#8220; header_2_letter_spacing_tablet=&#8220;1px&#8220; header_2_letter_spacing_phone=&#8220;0px&#8220; header_2_letter_spacing_last_edited=&#8220;on|desktop&#8220; locked=&#8220;off&#8220; global_colors_info=&#8220;{}&#8220;]<\/p>\n<h2><strong>Ein Prozess der Ver\u00e4nderung<\/strong><\/h2>\n<p>[\/et_pb_text][\/et_pb_column][\/et_pb_row][et_pb_row custom_padding_last_edited=&#8220;on|phone&#8220; _builder_version=&#8220;4.27.4&#8243; background_color=&#8220;#fffbf5&#8243; transform_translate_tablet=&#8220;&#8220; transform_translate_phone=&#8220;&#8220; transform_translate_last_edited=&#8220;on|desktop&#8220; transform_rotate_tablet=&#8220;&#8220; transform_rotate_phone=&#8220;&#8220; transform_rotate_last_edited=&#8220;on|desktop&#8220; transform_skew_tablet=&#8220;&#8220; transform_skew_phone=&#8220;&#8220; transform_skew_last_edited=&#8220;on|desktop&#8220; transform_origin=&#8220;30%|0%&#8220; transform_origin_tablet=&#8220;&#8220; transform_origin_phone=&#8220;&#8220; transform_origin_last_edited=&#8220;on|desktop&#8220; custom_margin=&#8220;||||false|false&#8220; custom_padding=&#8220;40px|60px|40px|40px|true|false&#8220; custom_padding_tablet=&#8220;|||40px|true|false&#8220; custom_padding_phone=&#8220;|20px||20px|true|true&#8220; box_shadow_style=&#8220;preset1&#8243; global_colors_info=&#8220;{}&#8220;][et_pb_column type=&#8220;4_4&#8243; _builder_version=&#8220;4.16&#8243; global_colors_info=&#8220;{}&#8220;][et_pb_divider color=&#8220;#D38594&#8243; divider_weight=&#8220;2px&#8220; _builder_version=&#8220;4.27.4&#8243; width=&#8220;100px&#8220; custom_margin=&#8220;||0px||false|false&#8220; custom_margin_tablet=&#8220;|||0px|false|false&#8220; custom_margin_phone=&#8220;&#8220; custom_margin_last_edited=&#8220;on|desktop&#8220; locked=&#8220;off&#8220; global_colors_info=&#8220;{}&#8220;][\/et_pb_divider][et_pb_text _builder_version=&#8220;4.27.4&#8243; text_font_size=&#8220;15px&#8220; text_line_height=&#8220;1.8em&#8220; max_width=&#8220;800px&#8220; text_font_size_tablet=&#8220;18px&#8220; text_font_size_phone=&#8220;14px&#8220; text_font_size_last_edited=&#8220;on|phone&#8220; text_line_height_tablet=&#8220;&#8220; text_line_height_phone=&#8220;1.6em&#8220; text_line_height_last_edited=&#8220;on|phone&#8220; locked=&#8220;off&#8220; global_colors_info=&#8220;{}&#8220;]<\/p>\n<p>Ver\u00e4nderungen geschehen nicht \u00fcber Nacht. Jede neue Erkenntnis braucht Zeit, um sich in konkretes Verhalten umzuwandeln. Anfangs erfordern neue Gewohnheiten bewusste Anstrengung, mit der Zeit werden sie jedoch ein nat\u00fcrlicher Teil des Alltags.  <\/p>\n<p>Manchmal zur\u00fcckzufallen bedeutet nicht, wieder am Anfang zu sein \u2013 es ist ein wesentlicher Bestandteil jeder Ver\u00e4nderung. Im therapeutischen Prozess ist es normal, Phasen des Lernens, Hinterfragens und des Wiederfindens der Balance zu durchlaufen.<\/p>\n<p>Psychotherapie begleitet und unterst\u00fctzt Sie in diesem Prozess \u2013 mit Respekt f\u00fcr Ihr Tempo und Ihre innere St\u00e4rke.<\/p>\n<p>[\/et_pb_text][et_pb_divider color=&#8220;#D38594&#8243; divider_weight=&#8220;2px&#8220; _builder_version=&#8220;4.27.4&#8243; width=&#8220;100px&#8220; custom_margin=&#8220;||0px||false|false&#8220; custom_margin_tablet=&#8220;|||0px|false|false&#8220; custom_margin_phone=&#8220;&#8220; custom_margin_last_edited=&#8220;on|desktop&#8220; locked=&#8220;off&#8220; global_colors_info=&#8220;{}&#8220;][\/et_pb_divider][\/et_pb_column][\/et_pb_row][\/et_pb_section]<\/p>\n","protected":false},"excerpt":{"rendered":"<p>PsychotherapiePsychotherapie ist ein fachlich fundierter und wissenschaftlich basierter Ansatz zur Erhaltung und F\u00f6rderung der psychischen Gesundheit. Sie hilft dabei, innere Konflikte zu verstehen, emotionale Reife zu entwickeln und Authentizit\u00e4t sowie Mitgef\u00fchl \u2013 sowohl sich selbst als auch anderen gegen\u00fcber \u2013 zu st\u00e4rken. In der therapeutischen Beziehung k\u00f6nnen Sie einen Raum erwarten, in dem Sie mit [&hellip;]<\/p>\n","protected":false},"author":1,"featured_media":0,"parent":0,"menu_order":0,"comment_status":"closed","ping_status":"closed","template":"","meta":{"_et_pb_use_builder":"on","_et_pb_old_content":"","_et_gb_content_width":"","footnotes":""},"class_list":["post-573","page","type-page","status-publish","hentry"],"yoast_head":"<!-- This site is optimized with the Yoast SEO plugin v25.8 - https:\/\/yoast.com\/wordpress\/plugins\/seo\/ -->\n<title>Was ist psychotherapie? - Psihoterapija-Autonomija<\/title>\n<meta name=\"robots\" content=\"index, follow, max-snippet:-1, max-image-preview:large, max-video-preview:-1\" \/>\n<link rel=\"canonical\" href=\"https:\/\/www.psihoterapija-autonomija.com\/de\/was-ist-psychotherapie-2\/\" \/>\n<meta property=\"og:locale\" content=\"de_DE\" \/>\n<meta property=\"og:type\" content=\"article\" \/>\n<meta property=\"og:title\" content=\"Was ist psychotherapie? - Psihoterapija-Autonomija\" \/>\n<meta property=\"og:description\" content=\"PsychotherapiePsychotherapie ist ein fachlich fundierter und wissenschaftlich basierter Ansatz zur Erhaltung und F\u00f6rderung der psychischen Gesundheit. Sie hilft dabei, innere Konflikte zu verstehen, emotionale Reife zu entwickeln und Authentizit\u00e4t sowie Mitgef\u00fchl \u2013 sowohl sich selbst als auch anderen gegen\u00fcber \u2013 zu st\u00e4rken. In der therapeutischen Beziehung k\u00f6nnen Sie einen Raum erwarten, in dem Sie mit [&hellip;]\" \/>\n<meta property=\"og:url\" content=\"https:\/\/www.psihoterapija-autonomija.com\/de\/was-ist-psychotherapie-2\/\" \/>\n<meta property=\"og:site_name\" content=\"Psihoterapija-Autonomija\" \/>\n<meta property=\"article:modified_time\" content=\"2025-09-01T11:10:24+00:00\" \/>\n<meta name=\"twitter:card\" content=\"summary_large_image\" \/>\n<meta name=\"twitter:label1\" content=\"Gesch\u00e4tzte Lesezeit\" \/>\n\t<meta name=\"twitter:data1\" content=\"10\u00a0Minuten\" \/>\n<script type=\"application\/ld+json\" class=\"yoast-schema-graph\">{\"@context\":\"https:\/\/schema.org\",\"@graph\":[{\"@type\":\"WebPage\",\"@id\":\"https:\/\/www.psihoterapija-autonomija.com\/de\/was-ist-psychotherapie-2\/\",\"url\":\"https:\/\/www.psihoterapija-autonomija.com\/de\/was-ist-psychotherapie-2\/\",\"name\":\"Was ist psychotherapie? - Psihoterapija-Autonomija\",\"isPartOf\":{\"@id\":\"https:\/\/www.psihoterapija-autonomija.com\/#website\"},\"datePublished\":\"2025-08-19T20:18:15+00:00\",\"dateModified\":\"2025-09-01T11:10:24+00:00\",\"breadcrumb\":{\"@id\":\"https:\/\/www.psihoterapija-autonomija.com\/de\/was-ist-psychotherapie-2\/#breadcrumb\"},\"inLanguage\":\"de\",\"potentialAction\":[{\"@type\":\"ReadAction\",\"target\":[\"https:\/\/www.psihoterapija-autonomija.com\/de\/was-ist-psychotherapie-2\/\"]}]},{\"@type\":\"BreadcrumbList\",\"@id\":\"https:\/\/www.psihoterapija-autonomija.com\/de\/was-ist-psychotherapie-2\/#breadcrumb\",\"itemListElement\":[{\"@type\":\"ListItem\",\"position\":1,\"name\":\"Po\u010detna stranica\",\"item\":\"https:\/\/www.psihoterapija-autonomija.com\/de\/startseite\/\"},{\"@type\":\"ListItem\",\"position\":2,\"name\":\"Was ist psychotherapie?\"}]},{\"@type\":\"WebSite\",\"@id\":\"https:\/\/www.psihoterapija-autonomija.com\/#website\",\"url\":\"https:\/\/www.psihoterapija-autonomija.com\/\",\"name\":\"Psihoterapija-Autonomija\",\"description\":\"Stru\u010dna psihoterapijska podr\u0161ka za osobni razvoj, prevladavanje \u017eivotnih izazova i postizanje unutarnje ravnote\u017ee. Psihoterapija-Autonomija poma\u017ee vam razviti zdrav odnos prema sebi i drugima.\",\"potentialAction\":[{\"@type\":\"SearchAction\",\"target\":{\"@type\":\"EntryPoint\",\"urlTemplate\":\"https:\/\/www.psihoterapija-autonomija.com\/?s={search_term_string}\"},\"query-input\":{\"@type\":\"PropertyValueSpecification\",\"valueRequired\":true,\"valueName\":\"search_term_string\"}}],\"inLanguage\":\"de\"}]}<\/script>\n<!-- \/ Yoast SEO plugin. -->","yoast_head_json":{"title":"Was ist psychotherapie? - Psihoterapija-Autonomija","robots":{"index":"index","follow":"follow","max-snippet":"max-snippet:-1","max-image-preview":"max-image-preview:large","max-video-preview":"max-video-preview:-1"},"canonical":"https:\/\/www.psihoterapija-autonomija.com\/de\/was-ist-psychotherapie-2\/","og_locale":"de_DE","og_type":"article","og_title":"Was ist psychotherapie? - Psihoterapija-Autonomija","og_description":"PsychotherapiePsychotherapie ist ein fachlich fundierter und wissenschaftlich basierter Ansatz zur Erhaltung und F\u00f6rderung der psychischen Gesundheit. Sie hilft dabei, innere Konflikte zu verstehen, emotionale Reife zu entwickeln und Authentizit\u00e4t sowie Mitgef\u00fchl \u2013 sowohl sich selbst als auch anderen gegen\u00fcber \u2013 zu st\u00e4rken. In der therapeutischen Beziehung k\u00f6nnen Sie einen Raum erwarten, in dem Sie mit [&hellip;]","og_url":"https:\/\/www.psihoterapija-autonomija.com\/de\/was-ist-psychotherapie-2\/","og_site_name":"Psihoterapija-Autonomija","article_modified_time":"2025-09-01T11:10:24+00:00","twitter_card":"summary_large_image","twitter_misc":{"Gesch\u00e4tzte Lesezeit":"10\u00a0Minuten"},"schema":{"@context":"https:\/\/schema.org","@graph":[{"@type":"WebPage","@id":"https:\/\/www.psihoterapija-autonomija.com\/de\/was-ist-psychotherapie-2\/","url":"https:\/\/www.psihoterapija-autonomija.com\/de\/was-ist-psychotherapie-2\/","name":"Was ist psychotherapie? - Psihoterapija-Autonomija","isPartOf":{"@id":"https:\/\/www.psihoterapija-autonomija.com\/#website"},"datePublished":"2025-08-19T20:18:15+00:00","dateModified":"2025-09-01T11:10:24+00:00","breadcrumb":{"@id":"https:\/\/www.psihoterapija-autonomija.com\/de\/was-ist-psychotherapie-2\/#breadcrumb"},"inLanguage":"de","potentialAction":[{"@type":"ReadAction","target":["https:\/\/www.psihoterapija-autonomija.com\/de\/was-ist-psychotherapie-2\/"]}]},{"@type":"BreadcrumbList","@id":"https:\/\/www.psihoterapija-autonomija.com\/de\/was-ist-psychotherapie-2\/#breadcrumb","itemListElement":[{"@type":"ListItem","position":1,"name":"Po\u010detna stranica","item":"https:\/\/www.psihoterapija-autonomija.com\/de\/startseite\/"},{"@type":"ListItem","position":2,"name":"Was ist psychotherapie?"}]},{"@type":"WebSite","@id":"https:\/\/www.psihoterapija-autonomija.com\/#website","url":"https:\/\/www.psihoterapija-autonomija.com\/","name":"Psihoterapija-Autonomija","description":"Stru\u010dna psihoterapijska podr\u0161ka za osobni razvoj, prevladavanje \u017eivotnih izazova i postizanje unutarnje ravnote\u017ee. Psihoterapija-Autonomija poma\u017ee vam razviti zdrav odnos prema sebi i drugima.","potentialAction":[{"@type":"SearchAction","target":{"@type":"EntryPoint","urlTemplate":"https:\/\/www.psihoterapija-autonomija.com\/?s={search_term_string}"},"query-input":{"@type":"PropertyValueSpecification","valueRequired":true,"valueName":"search_term_string"}}],"inLanguage":"de"}]}},"_links":{"self":[{"href":"https:\/\/www.psihoterapija-autonomija.com\/de\/wp-json\/wp\/v2\/pages\/573","targetHints":{"allow":["GET"]}}],"collection":[{"href":"https:\/\/www.psihoterapija-autonomija.com\/de\/wp-json\/wp\/v2\/pages"}],"about":[{"href":"https:\/\/www.psihoterapija-autonomija.com\/de\/wp-json\/wp\/v2\/types\/page"}],"author":[{"embeddable":true,"href":"https:\/\/www.psihoterapija-autonomija.com\/de\/wp-json\/wp\/v2\/users\/1"}],"replies":[{"embeddable":true,"href":"https:\/\/www.psihoterapija-autonomija.com\/de\/wp-json\/wp\/v2\/comments?post=573"}],"version-history":[{"count":3,"href":"https:\/\/www.psihoterapija-autonomija.com\/de\/wp-json\/wp\/v2\/pages\/573\/revisions"}],"predecessor-version":[{"id":695,"href":"https:\/\/www.psihoterapija-autonomija.com\/de\/wp-json\/wp\/v2\/pages\/573\/revisions\/695"}],"wp:attachment":[{"href":"https:\/\/www.psihoterapija-autonomija.com\/de\/wp-json\/wp\/v2\/media?parent=573"}],"curies":[{"name":"wp","href":"https:\/\/api.w.org\/{rel}","templated":true}]}}