{"id":572,"date":"2025-08-09T16:08:22","date_gmt":"2025-08-09T14:08:22","guid":{"rendered":"https:\/\/www.psihoterapija-autonomija.com\/kontakt\/"},"modified":"2025-09-01T13:05:13","modified_gmt":"2025-09-01T11:05:13","slug":"kontakt","status":"publish","type":"page","link":"https:\/\/www.psihoterapija-autonomija.com\/de\/kontakt\/","title":{"rendered":"Kontakt"},"content":{"rendered":"<p>[et_pb_section fb_built=&#8220;1&#8243; _builder_version=&#8220;4.27.4&#8243; _module_preset=&#8220;default&#8220; custom_padding=&#8220;0px||0px||false|false&#8220; global_colors_info=&#8220;{}&#8220;][et_pb_row _builder_version=&#8220;4.27.4&#8243; _module_preset=&#8220;default&#8220; global_colors_info=&#8220;{}&#8220;][et_pb_column type=&#8220;4_4&#8243; _builder_version=&#8220;4.27.4&#8243; _module_preset=&#8220;default&#8220; global_colors_info=&#8220;{}&#8220;][\/et_pb_column][\/et_pb_row][\/et_pb_section][et_pb_section fb_built=&#8220;1&#8243; custom_padding_last_edited=&#8220;on|phone&#8220; _builder_version=&#8220;4.27.4&#8243; _module_preset=&#8220;default&#8220; background_image=&#8220;https:\/\/www.psihoterapija-autonomija.com\/wp-content\/uploads\/2025\/08\/gardener-03.png&#8220; background_size=&#8220;initial&#8220; background_position=&#8220;center_left&#8220; custom_padding=&#8220;7rem||||false|false&#8220; custom_padding_tablet=&#8220;&#8220; custom_padding_phone=&#8220;0px||||false|false&#8220; background_last_edited=&#8220;on|phone&#8220; background_enable_image_phone=&#8220;off&#8220; global_colors_info=&#8220;{}&#8220;][et_pb_row _builder_version=&#8220;4.27.4&#8243; _module_preset=&#8220;default&#8220; global_colors_info=&#8220;{}&#8220;][et_pb_column type=&#8220;4_4&#8243; _builder_version=&#8220;4.27.4&#8243; _module_preset=&#8220;default&#8220; global_colors_info=&#8220;{}&#8220;][et_pb_text _builder_version=&#8220;4.27.4&#8243; _module_preset=&#8220;default&#8220; global_colors_info=&#8220;{}&#8220;]<\/p>\n<h2 style=\"text-align: center;\"><strong>Bereit f\u00fcr den ersten Schritt?<\/strong><\/h2>\n<p>Vielleicht wissen Sie noch nicht genau, wonach Sie suchen. Vielleicht sp\u00fcren Sie einfach nur den Wunsch nach Ver\u00e4nderung \u2013 oder m\u00f6chten besser verstehen, was in Ihnen vorgeht.<br \/>Das ist vollkommen ausreichend f\u00fcr den Anfang. <\/p>\n<p>Wenn Sie das Gef\u00fchl haben, dass ein Gespr\u00e4ch hilfreich sein k\u00f6nnte, schreiben Sie mir gerne. Erz\u00e4hlen Sie mir kurz etwas \u00fcber sich \u2013 oder schicken Sie einfach eine unverbindliche Anfrage.<\/p>\n<p>Alle Nachrichten werden selbstverst\u00e4ndlich vertraulich behandelt, <strong>und ich antworte in der Regel<\/strong> innerhalb von <strong>24 Stunden.<\/strong> <\/p>\n<p>Vereinbaren Sie Ihren ersten Termin ganz unverbindlich \u2013 <strong>Sie bekommen Raum, um herauszufinden, ob Sie sich sicher und gesehen f\u00fchlen.<\/strong><\/p>\n<p>[\/et_pb_text][dvppl_cf7_styler cf7=&#8220;149&#8243; form_field_padding=&#8220;10px|15px|10px|15px|false|false&#8220; form_background_color=&#8220;#f2f2f2&#8243; form_label_spacing=&#8220;5px&#8220; _builder_version=&#8220;4.27.4&#8243; _module_preset=&#8220;default&#8220; form_field_font_text_align=&#8220;left&#8220; labels_font=&#8220;|700|||||||&#8220; custom_submit_button=&#8220;on&#8220; submit_button_text_color=&#8220;#FFFFFF&#8220; submit_button_bg_color=&#8220;#333031&#8243; submit_button_border_width=&#8220;3px&#8220; submit_button_border_color=&#8220;#333031&#8243; submit_button_font=&#8220;&#8211;et_global_heading_font|600|||||||&#8220; submit_button_text_size_tablet=&#8220;&#8220; submit_button_text_size_phone=&#8220;16px&#8220; submit_button_text_size_last_edited=&#8220;on|phone&#8220; border_radii_field=&#8220;on|5px|5px|5px|5px&#8220; border_color_all_field=&#8220;#FFFFFF&#8220; global_colors_info=&#8220;{}&#8220;][\/dvppl_cf7_styler][\/et_pb_column][\/et_pb_row][\/et_pb_section]<\/p>\n","protected":false},"excerpt":{"rendered":"<p>Bereit f\u00fcr den ersten Schritt? Vielleicht wissen Sie noch nicht genau, wonach Sie suchen. Vielleicht sp\u00fcren Sie einfach nur den Wunsch nach Ver\u00e4nderung \u2013 oder m\u00f6chten besser verstehen, was in Ihnen vorgeht.Das ist vollkommen ausreichend f\u00fcr den Anfang. Wenn Sie das Gef\u00fchl haben, dass ein Gespr\u00e4ch hilfreich sein k\u00f6nnte, schreiben Sie mir gerne. Erz\u00e4hlen Sie [&hellip;]<\/p>\n","protected":false},"author":1,"featured_media":0,"parent":0,"menu_order":0,"comment_status":"closed","ping_status":"closed","template":"","meta":{"_et_pb_use_builder":"on","_et_pb_old_content":"","_et_gb_content_width":"","footnotes":""},"class_list":["post-572","page","type-page","status-publish","hentry"],"yoast_head":"<!-- This site is optimized with the Yoast SEO plugin v25.8 - https:\/\/yoast.com\/wordpress\/plugins\/seo\/ -->\n<title>Kontakt - Psihoterapija-Autonomija<\/title>\n<meta name=\"robots\" content=\"index, follow, max-snippet:-1, max-image-preview:large, max-video-preview:-1\" \/>\n<link rel=\"canonical\" href=\"https:\/\/www.psihoterapija-autonomija.com\/de\/kontakt\/\" \/>\n<meta property=\"og:locale\" content=\"de_DE\" \/>\n<meta property=\"og:type\" content=\"article\" \/>\n<meta property=\"og:title\" content=\"Kontakt - Psihoterapija-Autonomija\" \/>\n<meta property=\"og:description\" content=\"Bereit f\u00fcr den ersten Schritt? Vielleicht wissen Sie noch nicht genau, wonach Sie suchen. Vielleicht sp\u00fcren Sie einfach nur den Wunsch nach Ver\u00e4nderung \u2013 oder m\u00f6chten besser verstehen, was in Ihnen vorgeht.Das ist vollkommen ausreichend f\u00fcr den Anfang. Wenn Sie das Gef\u00fchl haben, dass ein Gespr\u00e4ch hilfreich sein k\u00f6nnte, schreiben Sie mir gerne. Erz\u00e4hlen Sie [&hellip;]\" \/>\n<meta property=\"og:url\" content=\"https:\/\/www.psihoterapija-autonomija.com\/de\/kontakt\/\" \/>\n<meta property=\"og:site_name\" content=\"Psihoterapija-Autonomija\" \/>\n<meta property=\"article:modified_time\" content=\"2025-09-01T11:05:13+00:00\" \/>\n<meta name=\"twitter:card\" content=\"summary_large_image\" \/>\n<meta name=\"twitter:label1\" content=\"Gesch\u00e4tzte Lesezeit\" \/>\n\t<meta name=\"twitter:data1\" content=\"2\u00a0Minuten\" \/>\n<script type=\"application\/ld+json\" class=\"yoast-schema-graph\">{\"@context\":\"https:\/\/schema.org\",\"@graph\":[{\"@type\":\"WebPage\",\"@id\":\"https:\/\/www.psihoterapija-autonomija.com\/de\/kontakt\/\",\"url\":\"https:\/\/www.psihoterapija-autonomija.com\/de\/kontakt\/\",\"name\":\"Kontakt - Psihoterapija-Autonomija\",\"isPartOf\":{\"@id\":\"https:\/\/www.psihoterapija-autonomija.com\/#website\"},\"datePublished\":\"2025-08-09T14:08:22+00:00\",\"dateModified\":\"2025-09-01T11:05:13+00:00\",\"breadcrumb\":{\"@id\":\"https:\/\/www.psihoterapija-autonomija.com\/de\/kontakt\/#breadcrumb\"},\"inLanguage\":\"de\",\"potentialAction\":[{\"@type\":\"ReadAction\",\"target\":[\"https:\/\/www.psihoterapija-autonomija.com\/de\/kontakt\/\"]}]},{\"@type\":\"BreadcrumbList\",\"@id\":\"https:\/\/www.psihoterapija-autonomija.com\/de\/kontakt\/#breadcrumb\",\"itemListElement\":[{\"@type\":\"ListItem\",\"position\":1,\"name\":\"Po\u010detna stranica\",\"item\":\"https:\/\/www.psihoterapija-autonomija.com\/de\/startseite\/\"},{\"@type\":\"ListItem\",\"position\":2,\"name\":\"Kontakt\"}]},{\"@type\":\"WebSite\",\"@id\":\"https:\/\/www.psihoterapija-autonomija.com\/#website\",\"url\":\"https:\/\/www.psihoterapija-autonomija.com\/\",\"name\":\"Psihoterapija-Autonomija\",\"description\":\"Stru\u010dna psihoterapijska podr\u0161ka za osobni razvoj, prevladavanje \u017eivotnih izazova i postizanje unutarnje ravnote\u017ee. Psihoterapija-Autonomija poma\u017ee vam razviti zdrav odnos prema sebi i drugima.\",\"potentialAction\":[{\"@type\":\"SearchAction\",\"target\":{\"@type\":\"EntryPoint\",\"urlTemplate\":\"https:\/\/www.psihoterapija-autonomija.com\/?s={search_term_string}\"},\"query-input\":{\"@type\":\"PropertyValueSpecification\",\"valueRequired\":true,\"valueName\":\"search_term_string\"}}],\"inLanguage\":\"de\"}]}<\/script>\n<!-- \/ Yoast SEO plugin. -->","yoast_head_json":{"title":"Kontakt - Psihoterapija-Autonomija","robots":{"index":"index","follow":"follow","max-snippet":"max-snippet:-1","max-image-preview":"max-image-preview:large","max-video-preview":"max-video-preview:-1"},"canonical":"https:\/\/www.psihoterapija-autonomija.com\/de\/kontakt\/","og_locale":"de_DE","og_type":"article","og_title":"Kontakt - Psihoterapija-Autonomija","og_description":"Bereit f\u00fcr den ersten Schritt? Vielleicht wissen Sie noch nicht genau, wonach Sie suchen. Vielleicht sp\u00fcren Sie einfach nur den Wunsch nach Ver\u00e4nderung \u2013 oder m\u00f6chten besser verstehen, was in Ihnen vorgeht.Das ist vollkommen ausreichend f\u00fcr den Anfang. Wenn Sie das Gef\u00fchl haben, dass ein Gespr\u00e4ch hilfreich sein k\u00f6nnte, schreiben Sie mir gerne. Erz\u00e4hlen Sie [&hellip;]","og_url":"https:\/\/www.psihoterapija-autonomija.com\/de\/kontakt\/","og_site_name":"Psihoterapija-Autonomija","article_modified_time":"2025-09-01T11:05:13+00:00","twitter_card":"summary_large_image","twitter_misc":{"Gesch\u00e4tzte Lesezeit":"2\u00a0Minuten"},"schema":{"@context":"https:\/\/schema.org","@graph":[{"@type":"WebPage","@id":"https:\/\/www.psihoterapija-autonomija.com\/de\/kontakt\/","url":"https:\/\/www.psihoterapija-autonomija.com\/de\/kontakt\/","name":"Kontakt - Psihoterapija-Autonomija","isPartOf":{"@id":"https:\/\/www.psihoterapija-autonomija.com\/#website"},"datePublished":"2025-08-09T14:08:22+00:00","dateModified":"2025-09-01T11:05:13+00:00","breadcrumb":{"@id":"https:\/\/www.psihoterapija-autonomija.com\/de\/kontakt\/#breadcrumb"},"inLanguage":"de","potentialAction":[{"@type":"ReadAction","target":["https:\/\/www.psihoterapija-autonomija.com\/de\/kontakt\/"]}]},{"@type":"BreadcrumbList","@id":"https:\/\/www.psihoterapija-autonomija.com\/de\/kontakt\/#breadcrumb","itemListElement":[{"@type":"ListItem","position":1,"name":"Po\u010detna stranica","item":"https:\/\/www.psihoterapija-autonomija.com\/de\/startseite\/"},{"@type":"ListItem","position":2,"name":"Kontakt"}]},{"@type":"WebSite","@id":"https:\/\/www.psihoterapija-autonomija.com\/#website","url":"https:\/\/www.psihoterapija-autonomija.com\/","name":"Psihoterapija-Autonomija","description":"Stru\u010dna psihoterapijska podr\u0161ka za osobni razvoj, prevladavanje \u017eivotnih izazova i postizanje unutarnje ravnote\u017ee. Psihoterapija-Autonomija poma\u017ee vam razviti zdrav odnos prema sebi i drugima.","potentialAction":[{"@type":"SearchAction","target":{"@type":"EntryPoint","urlTemplate":"https:\/\/www.psihoterapija-autonomija.com\/?s={search_term_string}"},"query-input":{"@type":"PropertyValueSpecification","valueRequired":true,"valueName":"search_term_string"}}],"inLanguage":"de"}]}},"_links":{"self":[{"href":"https:\/\/www.psihoterapija-autonomija.com\/de\/wp-json\/wp\/v2\/pages\/572","targetHints":{"allow":["GET"]}}],"collection":[{"href":"https:\/\/www.psihoterapija-autonomija.com\/de\/wp-json\/wp\/v2\/pages"}],"about":[{"href":"https:\/\/www.psihoterapija-autonomija.com\/de\/wp-json\/wp\/v2\/types\/page"}],"author":[{"embeddable":true,"href":"https:\/\/www.psihoterapija-autonomija.com\/de\/wp-json\/wp\/v2\/users\/1"}],"replies":[{"embeddable":true,"href":"https:\/\/www.psihoterapija-autonomija.com\/de\/wp-json\/wp\/v2\/comments?post=572"}],"version-history":[{"count":3,"href":"https:\/\/www.psihoterapija-autonomija.com\/de\/wp-json\/wp\/v2\/pages\/572\/revisions"}],"predecessor-version":[{"id":689,"href":"https:\/\/www.psihoterapija-autonomija.com\/de\/wp-json\/wp\/v2\/pages\/572\/revisions\/689"}],"wp:attachment":[{"href":"https:\/\/www.psihoterapija-autonomija.com\/de\/wp-json\/wp\/v2\/media?parent=572"}],"curies":[{"name":"wp","href":"https:\/\/api.w.org\/{rel}","templated":true}]}}