{"id":571,"date":"2025-08-20T18:15:28","date_gmt":"2025-08-20T16:15:28","guid":{"rendered":"https:\/\/www.psihoterapija-autonomija.com\/was-ist-psychotherapie\/"},"modified":"2025-09-01T13:10:45","modified_gmt":"2025-09-01T11:10:45","slug":"was-ist-psychotherapie","status":"publish","type":"page","link":"https:\/\/www.psihoterapija-autonomija.com\/de\/was-ist-psychotherapie\/","title":{"rendered":"Paartherapie"},"content":{"rendered":"<p>[et_pb_section fb_built=&#8220;1&#8243; custom_padding_last_edited=&#8220;on|phone&#8220; admin_label=&#8220;Header&#8220; _builder_version=&#8220;4.27.4&#8243; _module_preset=&#8220;default&#8220; background_enable_color=&#8220;off&#8220; background_image=&#8220;https:\/\/www.psihoterapija-autonomija.com\/wp-content\/uploads\/2025\/08\/6-1.jpg&#8220; background_position=&#8220;top_center&#8220; custom_padding=&#8220;||0vw||false|false&#8220; custom_padding_tablet=&#8220;7rem||||false|false&#8220; custom_padding_phone=&#8220;0rem||||false|false&#8220; hover_enabled=&#8220;0&#8243; background_last_edited=&#8220;on|desktop&#8220; background_image_phone=&#8220;https:\/\/www.psihoterapija-autonomija.com\/wp-content\/uploads\/2025\/08\/6-1.jpg&#8220; background_enable_image_phone=&#8220;on&#8220; collapsed=&#8220;off&#8220; global_colors_info=&#8220;{}&#8220; sticky_enabled=&#8220;0&#8243;][et_pb_row _builder_version=&#8220;4.27.4&#8243; _module_preset=&#8220;default&#8220; background_enable_image=&#8220;off&#8220; custom_padding=&#8220;100px||||false|false&#8220; global_colors_info=&#8220;{}&#8220;][et_pb_column type=&#8220;4_4&#8243; _builder_version=&#8220;4.17.3&#8243; _module_preset=&#8220;default&#8220; global_colors_info=&#8220;{}&#8220;][et_pb_text _builder_version=&#8220;4.27.4&#8243; _module_preset=&#8220;c16985e1-e0d6-4022-964d-e2bfc04fa633&#8243; header_font=&#8220;|700|||||||&#8220; header_text_color=&#8220;#333031&#8243; header_font_size=&#8220;60px&#8220; header_line_height=&#8220;1.1em&#8220; text_orientation=&#8220;center&#8220; width_tablet=&#8220;&#8220; width_phone=&#8220;&#8220; width_last_edited=&#8220;on|desktop&#8220; module_alignment=&#8220;center&#8220; custom_margin=&#8220;||||false|false&#8220; custom_padding=&#8220;50px||||false|false&#8220; header_text_color_tablet=&#8220;#333031&#8243; header_text_color_phone=&#8220;#FFFFFF&#8220; header_text_color_last_edited=&#8220;on|phone&#8220; header_font_size_tablet=&#8220;40px&#8220; header_font_size_phone=&#8220;24px&#8220; header_font_size_last_edited=&#8220;on|desktop&#8220; locked=&#8220;off&#8220; global_colors_info=&#8220;{}&#8220;]<\/p>\n<h1>Paartherapie<\/h1>\n<p>[\/et_pb_text][et_pb_button button_url=&#8220;https:\/\/www.psihoterapija-autonomija.com\/de\/kontakt\/&#8220; button_text=&#8220;Vereinbaren Sie einen Termin&#8220; button_alignment=&#8220;center&#8220; _builder_version=&#8220;4.27.4&#8243; _module_preset=&#8220;f489fdc3-bf1e-40c7-852b-c42851d4acb9&#8243; custom_button=&#8220;on&#8220; button_text_size=&#8220;14px&#8220; button_text_color=&#8220;#FFFFFF&#8220; button_bg_color=&#8220;#D38594&#8243; button_border_width=&#8220;0px&#8220; button_border_radius=&#8220;50px&#8220; button_font=&#8220;Inter|600|||||||&#8220; custom_padding=&#8220;20px|40px|20px|40px|true|true&#8220; global_colors_info=&#8220;{}&#8220;][\/et_pb_button][\/et_pb_column][\/et_pb_row][et_pb_row _builder_version=&#8220;4.17.3&#8243; _module_preset=&#8220;default&#8220; width=&#8220;100%&#8220; max_width=&#8220;none&#8220; custom_padding=&#8220;||0px|||&#8220; global_colors_info=&#8220;{}&#8220;][et_pb_column type=&#8220;4_4&#8243; _builder_version=&#8220;4.17.3&#8243; _module_preset=&#8220;default&#8220; global_colors_info=&#8220;{}&#8220;][et_pb_image src=&#8220;https:\/\/www.psihoterapija-autonomija.com\/wp-content\/uploads\/2025\/08\/therapy-14-scaled.png&#8220; title_text=&#8220;therapy-14&#8243; _builder_version=&#8220;4.27.4&#8243; _module_preset=&#8220;default&#8220; global_colors_info=&#8220;{}&#8220;][\/et_pb_image][\/et_pb_column][\/et_pb_row][\/et_pb_section][et_pb_section fb_built=&#8220;1&#8243; admin_label=&#8220;Feature&#8220; _builder_version=&#8220;4.17.3&#8243; _module_preset=&#8220;default&#8220; custom_margin=&#8220;||||false|false&#8220; custom_padding=&#8220;||2px||false|false&#8220; collapsed=&#8220;on&#8220; global_colors_info=&#8220;{}&#8220;][et_pb_row column_structure=&#8220;2_3,1_3&#8243; _builder_version=&#8220;4.17.3&#8243; _module_preset=&#8220;default&#8220; global_colors_info=&#8220;{}&#8220;][et_pb_column type=&#8220;2_3&#8243; _builder_version=&#8220;4.17.3&#8243; _module_preset=&#8220;default&#8220; custom_padding_tablet=&#8220;||30px||false|false&#8220; custom_padding_phone=&#8220;||30px||false|false&#8220; custom_padding_last_edited=&#8220;on|tablet&#8220; global_colors_info=&#8220;{}&#8220;][et_pb_text _builder_version=&#8220;4.27.4&#8243; _module_preset=&#8220;b327cbe4-b1d5-4b66-ad37-40c8f2f061ba&#8220; header_2_text_color=&#8220;#D38594&#8243; header_2_font_size=&#8220;40px&#8220; header_2_line_height=&#8220;1.2em&#8220; custom_margin=&#8220;||0px||false|false&#8220; header_2_font_size_tablet=&#8220;32px&#8220; header_2_font_size_phone=&#8220;26px&#8220; header_2_font_size_last_edited=&#8220;on|tablet&#8220; global_colors_info=&#8220;{}&#8220;]<\/p>\n<h2><strong>F\u00fcr eine Beziehung, die mehr kann<\/strong><\/h2>\n<p>[\/et_pb_text][et_pb_text _builder_version=&#8220;4.27.4&#8243; _module_preset=&#8220;1f09816e-184e-4ce5-a4cf-b39c52c423ca&#8220; text_text_color=&#8220;#333031&#8243; text_font_size=&#8220;18px&#8220; text_line_height=&#8220;1.8em&#8220; text_font_size_tablet=&#8220;16px&#8220; text_font_size_phone=&#8220;14px&#8220; text_font_size_last_edited=&#8220;on|tablet&#8220; header_font_size_tablet=&#8220;55px&#8220; header_font_size_last_edited=&#8220;off|desktop&#8220; global_colors_info=&#8220;{}&#8220;]<\/p>\n<p>Beziehungen bringen N\u00e4he, Unterst\u00fctzung und gemeinsames Wachstum \u2013 aber manchmal auch Missverst\u00e4ndnisse, Verletzungen und das Gef\u00fchl von Distanz. In jeder Beziehung gibt es Herausforderungen, und wenn diese sich wiederholen, werden ungel\u00f6ste Konflikte zu einer Last, die die Verbindung, Kommunikation und den Alltag des Paares belastet <\/p>\n<p><strong>Die Paartherapie <\/strong>bietet einen sicheren und neutralen Raum, in dem beide Partner geh\u00f6rt, verstanden und in Richtung eines tieferen Verst\u00e4ndnisses von sich selbst, des Partners und der Beziehungsdynamik begleitet werden. Es ist nicht notwendig, dass die \u201eBeziehung am Abgrund steht\u201c, um Hilfe zu suchen \u2013 oft reicht es, das Gef\u00fchl zu haben, sich nicht mehr wie fr\u00fcher zu verstehen, dass Konflikte schnell eskalieren, <strong>man sich voneinander zur\u00fcckzieht, N\u00e4he fehlt oder man in Rollen feststeckt, aus denen man nicht herauskommt.<\/strong> <\/p>\n<p>Der therapeutische Prozess hilft gemeinsam zu betrachten:<\/p>\n<ul>\n<li><strong>wie Sie kommunizieren<\/strong> und wo die Kommunikation \u201estockt\u201c<\/li>\n<li><strong>wie Sie emotional <\/strong>verbunden sind oder den Kontakt vermeiden<\/li>\n<li><strong>was jeder von Ihnen aus der Vergangenheit<\/strong> und fr\u00fcheren Erfahrungen in die Beziehung einbringt<\/li>\n<li>welche verborgenen <strong>Bed\u00fcrfnisse, W\u00fcnsche und Verletzungen<\/strong> die Dynamik beeinflussen<\/li>\n<li><strong>wie Vertrauen, N\u00e4he und Zusammenarbeit wieder aufgebaut werden k\u00f6nnen<\/strong><\/li>\n<\/ul>\n<p>Paartherapie sucht nicht den \u201eSchuldigen\u201c \u2013 sie fragt nicht, wer Recht hat, <strong>sondern was zwischen Ihnen passiert und wie Sie beide zur Ver\u00e4nderung beitragen k\u00f6nnen.<\/strong><\/p>\n<p>Egal, ob Sie in einer langj\u00e4hrigen Beziehung, Ehe oder am Anfang einer ernsteren Partnerschaft stehen \u2013 wenn Sie sp\u00fcren, dass etwas Sie auseinanderbringt, Sie aber nicht aufgeben wollen, <strong>kann die Therapie helfen, N\u00e4he, Klarheit und eine gemeinsame Sprache wiederherzustellen.<\/strong><\/p>\n<p>[\/et_pb_text][\/et_pb_column][et_pb_column type=&#8220;1_3&#8243; _builder_version=&#8220;4.17.1&#8243; _module_preset=&#8220;default&#8220; global_colors_info=&#8220;{}&#8220;][et_pb_image src=&#8220;https:\/\/www.psihoterapija-autonomija.com\/wp-content\/uploads\/2025\/08\/partnerska-removebg-preview.png&#8220; title_text=&#8220;partnerska-removebg-preview&#8220; show_bottom_space=&#8220;off&#8220; align=&#8220;center&#8220; _builder_version=&#8220;4.27.4&#8243; _module_preset=&#8220;default&#8220; z_index=&#8220;1&#8243; width=&#8220;70%&#8220; border_radii=&#8220;off|400px|400px||&#8220; locked=&#8220;off&#8220; global_colors_info=&#8220;{}&#8220;][\/et_pb_image][et_pb_divider show_divider=&#8220;off&#8220; _builder_version=&#8220;4.27.4&#8243; _module_preset=&#8220;default&#8220; background_color=&#8220;#D38594&#8243; positioning=&#8220;absolute&#8220; position_origin_a=&#8220;bottom_left&#8220; width=&#8220;120px&#8220; width_tablet=&#8220;20vw&#8220; width_phone=&#8220;20vw&#8220; width_last_edited=&#8220;on|tablet&#8220; height=&#8220;120px&#8220; height_tablet=&#8220;20vw&#8220; height_phone=&#8220;20vw&#8220; height_last_edited=&#8220;on|tablet&#8220; custom_margin=&#8220;||-15%||false|false&#8220; custom_margin_tablet=&#8220;||-15%||false|false&#8220; custom_margin_phone=&#8220;||-15%||false|false&#8220; custom_margin_last_edited=&#8220;on|tablet&#8220; border_radii=&#8220;on|200px|200px|200px|200px&#8220; locked=&#8220;off&#8220; global_colors_info=&#8220;{}&#8220;][\/et_pb_divider][\/et_pb_column][\/et_pb_row][\/et_pb_section][et_pb_section fb_built=&#8220;1&#8243; admin_label=&#8220;Call to Action&#8220; _builder_version=&#8220;4.17.3&#8243; _module_preset=&#8220;default&#8220; collapsed=&#8220;on&#8220; global_colors_info=&#8220;{}&#8220;][et_pb_row _builder_version=&#8220;4.27.4&#8243; _module_preset=&#8220;default&#8220; background_color=&#8220;#D38594&#8243; width=&#8220;40%&#8220; width_tablet=&#8220;40%&#8220; width_phone=&#8220;80%&#8220; width_last_edited=&#8220;on|phone&#8220; module_alignment=&#8220;center&#8220; border_radii=&#8220;on|16px|16px|16px|16px&#8220; global_colors_info=&#8220;{}&#8220;][et_pb_column type=&#8220;4_4&#8243; _builder_version=&#8220;4.17.1&#8243; _module_preset=&#8220;default&#8220; global_colors_info=&#8220;{}&#8220;][et_pb_text _builder_version=&#8220;4.27.4&#8243; _module_preset=&#8220;b327cbe4-b1d5-4b66-ad37-40c8f2f061ba&#8220; header_2_text_color=&#8220;#FFFFFF&#8220; header_2_font_size=&#8220;23px&#8220; header_2_line_height=&#8220;1.2em&#8220; text_orientation=&#8220;center&#8220; max_width=&#8220;85%&#8220; module_alignment=&#8220;center&#8220; custom_margin=&#8220;||0px||false|false&#8220; header_2_font_size_tablet=&#8220;32px&#8220; header_2_font_size_phone=&#8220;17px&#8220; header_2_font_size_last_edited=&#8220;on|tablet&#8220; global_colors_info=&#8220;{}&#8220;]<\/p>\n<h2>Die Treffen finden online oder live im Zentrum von Zagreb statt. Die Dauer betr\u00e4gt jeweils 60\u201390 Minuten. Die Psychotherapie ist auf Kroatisch oder Deutsch m\u00f6glich.  <\/h2>\n<p>[\/et_pb_text][et_pb_button button_text=&#8220;Vereinbaren Sie einen Termin&#8220; button_alignment=&#8220;center&#8220; _builder_version=&#8220;4.27.4&#8243; _module_preset=&#8220;31b4f027-aaa0-4f2f-ae02-959764e19e4f&#8220; custom_button=&#8220;on&#8220; button_text_size=&#8220;14px&#8220; button_text_color=&#8220;#FFFFFF&#8220; button_bg_color=&#8220;#333031&#8243; button_border_width=&#8220;0px&#8220; button_border_radius=&#8220;50px&#8220; button_font=&#8220;Inter|600|||||||&#8220; custom_margin=&#8220;10px||||false|false&#8220; custom_padding=&#8220;10px|40px|10px|40px|true|true&#8220; global_colors_info=&#8220;{}&#8220;][\/et_pb_button][et_pb_text _builder_version=&#8220;4.27.4&#8243; _module_preset=&#8220;default&#8220; text_font=&#8220;|700|||||||&#8220; text_text_color=&#8220;#FFFFFF&#8220; text_font_size=&#8220;18px&#8220; text_text_shadow_style=&#8220;preset2&#8243; global_colors_info=&#8220;{}&#8220;]<\/p>\n<p style=\"text-align: center;\"><em><strong>Es spielt keine Rolle, wer \u201eschuldig\u201c ist!<\/strong><\/em><\/p>\n<p>[\/et_pb_text][\/et_pb_column][\/et_pb_row][\/et_pb_section]<\/p>\n","protected":false},"excerpt":{"rendered":"<p>PaartherapieF\u00fcr eine Beziehung, die mehr kannBeziehungen bringen N\u00e4he, Unterst\u00fctzung und gemeinsames Wachstum \u2013 aber manchmal auch Missverst\u00e4ndnisse, Verletzungen und das Gef\u00fchl von Distanz. In jeder Beziehung gibt es Herausforderungen, und wenn diese sich wiederholen, werden ungel\u00f6ste Konflikte zu einer Last, die die Verbindung, Kommunikation und den Alltag des Paares belastet Die Paartherapie bietet einen sicheren [&hellip;]<\/p>\n","protected":false},"author":1,"featured_media":0,"parent":0,"menu_order":0,"comment_status":"closed","ping_status":"closed","template":"","meta":{"_et_pb_use_builder":"on","_et_pb_old_content":"","_et_gb_content_width":"","footnotes":""},"class_list":["post-571","page","type-page","status-publish","hentry"],"yoast_head":"<!-- This site is optimized with the Yoast SEO plugin v25.8 - https:\/\/yoast.com\/wordpress\/plugins\/seo\/ -->\n<title>Paartherapie - Psihoterapija-Autonomija<\/title>\n<meta name=\"robots\" content=\"index, follow, max-snippet:-1, max-image-preview:large, max-video-preview:-1\" \/>\n<link rel=\"canonical\" href=\"https:\/\/www.psihoterapija-autonomija.com\/de\/was-ist-psychotherapie\/\" \/>\n<meta property=\"og:locale\" content=\"de_DE\" \/>\n<meta property=\"og:type\" content=\"article\" \/>\n<meta property=\"og:title\" content=\"Paartherapie - Psihoterapija-Autonomija\" \/>\n<meta property=\"og:description\" content=\"PaartherapieF\u00fcr eine Beziehung, die mehr kannBeziehungen bringen N\u00e4he, Unterst\u00fctzung und gemeinsames Wachstum \u2013 aber manchmal auch Missverst\u00e4ndnisse, Verletzungen und das Gef\u00fchl von Distanz. In jeder Beziehung gibt es Herausforderungen, und wenn diese sich wiederholen, werden ungel\u00f6ste Konflikte zu einer Last, die die Verbindung, Kommunikation und den Alltag des Paares belastet Die Paartherapie bietet einen sicheren [&hellip;]\" \/>\n<meta property=\"og:url\" content=\"https:\/\/www.psihoterapija-autonomija.com\/de\/was-ist-psychotherapie\/\" \/>\n<meta property=\"og:site_name\" content=\"Psihoterapija-Autonomija\" \/>\n<meta property=\"article:modified_time\" content=\"2025-09-01T11:10:45+00:00\" \/>\n<meta name=\"twitter:card\" content=\"summary_large_image\" \/>\n<meta name=\"twitter:label1\" content=\"Gesch\u00e4tzte Lesezeit\" \/>\n\t<meta name=\"twitter:data1\" content=\"6\u00a0Minuten\" \/>\n<script type=\"application\/ld+json\" class=\"yoast-schema-graph\">{\"@context\":\"https:\/\/schema.org\",\"@graph\":[{\"@type\":\"WebPage\",\"@id\":\"https:\/\/www.psihoterapija-autonomija.com\/de\/was-ist-psychotherapie\/\",\"url\":\"https:\/\/www.psihoterapija-autonomija.com\/de\/was-ist-psychotherapie\/\",\"name\":\"Paartherapie - Psihoterapija-Autonomija\",\"isPartOf\":{\"@id\":\"https:\/\/www.psihoterapija-autonomija.com\/#website\"},\"datePublished\":\"2025-08-20T16:15:28+00:00\",\"dateModified\":\"2025-09-01T11:10:45+00:00\",\"breadcrumb\":{\"@id\":\"https:\/\/www.psihoterapija-autonomija.com\/de\/was-ist-psychotherapie\/#breadcrumb\"},\"inLanguage\":\"de\",\"potentialAction\":[{\"@type\":\"ReadAction\",\"target\":[\"https:\/\/www.psihoterapija-autonomija.com\/de\/was-ist-psychotherapie\/\"]}]},{\"@type\":\"BreadcrumbList\",\"@id\":\"https:\/\/www.psihoterapija-autonomija.com\/de\/was-ist-psychotherapie\/#breadcrumb\",\"itemListElement\":[{\"@type\":\"ListItem\",\"position\":1,\"name\":\"Po\u010detna stranica\",\"item\":\"https:\/\/www.psihoterapija-autonomija.com\/de\/startseite\/\"},{\"@type\":\"ListItem\",\"position\":2,\"name\":\"Paartherapie\"}]},{\"@type\":\"WebSite\",\"@id\":\"https:\/\/www.psihoterapija-autonomija.com\/#website\",\"url\":\"https:\/\/www.psihoterapija-autonomija.com\/\",\"name\":\"Psihoterapija-Autonomija\",\"description\":\"Stru\u010dna psihoterapijska podr\u0161ka za osobni razvoj, prevladavanje \u017eivotnih izazova i postizanje unutarnje ravnote\u017ee. Psihoterapija-Autonomija poma\u017ee vam razviti zdrav odnos prema sebi i drugima.\",\"potentialAction\":[{\"@type\":\"SearchAction\",\"target\":{\"@type\":\"EntryPoint\",\"urlTemplate\":\"https:\/\/www.psihoterapija-autonomija.com\/?s={search_term_string}\"},\"query-input\":{\"@type\":\"PropertyValueSpecification\",\"valueRequired\":true,\"valueName\":\"search_term_string\"}}],\"inLanguage\":\"de\"}]}<\/script>\n<!-- \/ Yoast SEO plugin. -->","yoast_head_json":{"title":"Paartherapie - Psihoterapija-Autonomija","robots":{"index":"index","follow":"follow","max-snippet":"max-snippet:-1","max-image-preview":"max-image-preview:large","max-video-preview":"max-video-preview:-1"},"canonical":"https:\/\/www.psihoterapija-autonomija.com\/de\/was-ist-psychotherapie\/","og_locale":"de_DE","og_type":"article","og_title":"Paartherapie - Psihoterapija-Autonomija","og_description":"PaartherapieF\u00fcr eine Beziehung, die mehr kannBeziehungen bringen N\u00e4he, Unterst\u00fctzung und gemeinsames Wachstum \u2013 aber manchmal auch Missverst\u00e4ndnisse, Verletzungen und das Gef\u00fchl von Distanz. In jeder Beziehung gibt es Herausforderungen, und wenn diese sich wiederholen, werden ungel\u00f6ste Konflikte zu einer Last, die die Verbindung, Kommunikation und den Alltag des Paares belastet Die Paartherapie bietet einen sicheren [&hellip;]","og_url":"https:\/\/www.psihoterapija-autonomija.com\/de\/was-ist-psychotherapie\/","og_site_name":"Psihoterapija-Autonomija","article_modified_time":"2025-09-01T11:10:45+00:00","twitter_card":"summary_large_image","twitter_misc":{"Gesch\u00e4tzte Lesezeit":"6\u00a0Minuten"},"schema":{"@context":"https:\/\/schema.org","@graph":[{"@type":"WebPage","@id":"https:\/\/www.psihoterapija-autonomija.com\/de\/was-ist-psychotherapie\/","url":"https:\/\/www.psihoterapija-autonomija.com\/de\/was-ist-psychotherapie\/","name":"Paartherapie - Psihoterapija-Autonomija","isPartOf":{"@id":"https:\/\/www.psihoterapija-autonomija.com\/#website"},"datePublished":"2025-08-20T16:15:28+00:00","dateModified":"2025-09-01T11:10:45+00:00","breadcrumb":{"@id":"https:\/\/www.psihoterapija-autonomija.com\/de\/was-ist-psychotherapie\/#breadcrumb"},"inLanguage":"de","potentialAction":[{"@type":"ReadAction","target":["https:\/\/www.psihoterapija-autonomija.com\/de\/was-ist-psychotherapie\/"]}]},{"@type":"BreadcrumbList","@id":"https:\/\/www.psihoterapija-autonomija.com\/de\/was-ist-psychotherapie\/#breadcrumb","itemListElement":[{"@type":"ListItem","position":1,"name":"Po\u010detna stranica","item":"https:\/\/www.psihoterapija-autonomija.com\/de\/startseite\/"},{"@type":"ListItem","position":2,"name":"Paartherapie"}]},{"@type":"WebSite","@id":"https:\/\/www.psihoterapija-autonomija.com\/#website","url":"https:\/\/www.psihoterapija-autonomija.com\/","name":"Psihoterapija-Autonomija","description":"Stru\u010dna psihoterapijska podr\u0161ka za osobni razvoj, prevladavanje \u017eivotnih izazova i postizanje unutarnje ravnote\u017ee. Psihoterapija-Autonomija poma\u017ee vam razviti zdrav odnos prema sebi i drugima.","potentialAction":[{"@type":"SearchAction","target":{"@type":"EntryPoint","urlTemplate":"https:\/\/www.psihoterapija-autonomija.com\/?s={search_term_string}"},"query-input":{"@type":"PropertyValueSpecification","valueRequired":true,"valueName":"search_term_string"}}],"inLanguage":"de"}]}},"_links":{"self":[{"href":"https:\/\/www.psihoterapija-autonomija.com\/de\/wp-json\/wp\/v2\/pages\/571","targetHints":{"allow":["GET"]}}],"collection":[{"href":"https:\/\/www.psihoterapija-autonomija.com\/de\/wp-json\/wp\/v2\/pages"}],"about":[{"href":"https:\/\/www.psihoterapija-autonomija.com\/de\/wp-json\/wp\/v2\/types\/page"}],"author":[{"embeddable":true,"href":"https:\/\/www.psihoterapija-autonomija.com\/de\/wp-json\/wp\/v2\/users\/1"}],"replies":[{"embeddable":true,"href":"https:\/\/www.psihoterapija-autonomija.com\/de\/wp-json\/wp\/v2\/comments?post=571"}],"version-history":[{"count":4,"href":"https:\/\/www.psihoterapija-autonomija.com\/de\/wp-json\/wp\/v2\/pages\/571\/revisions"}],"predecessor-version":[{"id":697,"href":"https:\/\/www.psihoterapija-autonomija.com\/de\/wp-json\/wp\/v2\/pages\/571\/revisions\/697"}],"wp:attachment":[{"href":"https:\/\/www.psihoterapija-autonomija.com\/de\/wp-json\/wp\/v2\/media?parent=571"}],"curies":[{"name":"wp","href":"https:\/\/api.w.org\/{rel}","templated":true}]}}